{"id":1657,"date":"2024-09-05T19:21:19","date_gmt":"2024-09-05T19:21:19","guid":{"rendered":"https:\/\/assist-staffing.com\/?page_id=1657"},"modified":"2024-09-05T20:19:39","modified_gmt":"2024-09-05T20:19:39","slug":"politica-de-privacidad","status":"publish","type":"page","link":"https:\/\/assist-staffing.com\/es\/politica-de-privacidad\/","title":{"rendered":"pol\u00edtica de privacidad"},"content":{"rendered":"<div data-elementor-type=\"wp-page\" data-elementor-id=\"1657\" class=\"elementor elementor-1657\" data-elementor-post-type=\"page\">\n\t\t\t\t<div class=\"elementor-element elementor-element-7aeab73 content-row max-1300 e-flex e-con-boxed e-con e-parent\" data-id=\"7aeab73\" data-element_type=\"container\">\n\t\t\t\t\t<div class=\"e-con-inner\">\n\t\t\t\t<div class=\"elementor-element elementor-element-5b2afaf elementor-widget elementor-widget-heading\" data-id=\"5b2afaf\" data-element_type=\"widget\" data-widget_type=\"heading.default\">\n\t\t\t\t<div class=\"elementor-widget-container\">\n\t\t\t\t\t<h2 class=\"elementor-heading-title elementor-size-default\">pol\u00edtica de privacidad<\/h2>\t\t\t\t<\/div>\n\t\t\t\t<\/div>\n\t\t\t\t<div class=\"elementor-element elementor-element-81b5f72 closed-by-default elementor-widget elementor-widget-accordion\" data-id=\"81b5f72\" data-element_type=\"widget\" data-widget_type=\"accordion.default\">\n\t\t\t\t<div class=\"elementor-widget-container\">\n\t\t\t\t\t\t\t<div class=\"elementor-accordion\">\n\t\t\t\t\t\t\t<div class=\"elementor-accordion-item\">\n\t\t\t\t\t<div id=\"elementor-tab-title-1361\" class=\"elementor-tab-title\" data-tab=\"1\" role=\"button\" aria-controls=\"elementor-tab-content-1361\" aria-expanded=\"false\">\n\t\t\t\t\t\t\t\t\t\t\t\t\t<span class=\"elementor-accordion-icon elementor-accordion-icon-left\" aria-hidden=\"true\">\n\t\t\t\t\t\t\t\t\t\t\t\t\t\t\t<span class=\"elementor-accordion-icon-closed\"><svg class=\"e-font-icon-svg e-fas-plus\" viewbox=\"0 0 448 512\" xmlns=\"http:\/\/www.w3.org\/2000\/svg\"><path d=\"M416 208H272V64c0-17.67-14.33-32-32-32h-32c-17.67 0-32 14.33-32 32v144H32c-17.67 0-32 14.33-32 32v32c0 17.67 14.33 32 32 32h144v144c0 17.67 14.33 32 32 32h32c17.67 0 32-14.33 32-32V304h144c17.67 0 32-14.33 32-32v-32c0-17.67-14.33-32-32-32z\"><\/path><\/svg><\/span>\n\t\t\t\t\t\t\t\t<span class=\"elementor-accordion-icon-opened\"><svg class=\"e-font-icon-svg e-fas-minus\" viewbox=\"0 0 448 512\" xmlns=\"http:\/\/www.w3.org\/2000\/svg\"><path d=\"M416 208H32c-17.67 0-32 14.33-32 32v32c0 17.67 14.33 32 32 32h384c17.67 0 32-14.33 32-32v-32c0-17.67-14.33-32-32-32z\"><\/path><\/svg><\/span>\n\t\t\t\t\t\t\t\t\t\t\t\t\t\t<\/span>\n\t\t\t\t\t\t\t\t\t\t\t\t<span class=\"elementor-accordion-title\"><\/span>\n\t\t\t\t\t<\/div>\n\t\t\t\t\t<div id=\"elementor-tab-content-1361\" class=\"elementor-tab-content elementor-clearfix\" data-tab=\"1\" role=\"region\" aria-labelledby=\"elementor-tab-title-1361\"><\/div>\n\t\t\t\t<\/div>\n\t\t\t\t\t\t\t<div class=\"elementor-accordion-item\">\n\t\t\t\t\t<div id=\"elementor-tab-title-1362\" class=\"elementor-tab-title\" data-tab=\"2\" role=\"button\" aria-controls=\"elementor-tab-content-1362\" aria-expanded=\"false\">\n\t\t\t\t\t\t\t\t\t\t\t\t\t<span class=\"elementor-accordion-icon elementor-accordion-icon-left\" aria-hidden=\"true\">\n\t\t\t\t\t\t\t\t\t\t\t\t\t\t\t<span class=\"elementor-accordion-icon-closed\"><svg class=\"e-font-icon-svg e-fas-plus\" viewbox=\"0 0 448 512\" xmlns=\"http:\/\/www.w3.org\/2000\/svg\"><path d=\"M416 208H272V64c0-17.67-14.33-32-32-32h-32c-17.67 0-32 14.33-32 32v144H32c-17.67 0-32 14.33-32 32v32c0 17.67 14.33 32 32 32h144v144c0 17.67 14.33 32 32 32h32c17.67 0 32-14.33 32-32V304h144c17.67 0 32-14.33 32-32v-32c0-17.67-14.33-32-32-32z\"><\/path><\/svg><\/span>\n\t\t\t\t\t\t\t\t<span class=\"elementor-accordion-icon-opened\"><svg class=\"e-font-icon-svg e-fas-minus\" viewbox=\"0 0 448 512\" xmlns=\"http:\/\/www.w3.org\/2000\/svg\"><path d=\"M416 208H32c-17.67 0-32 14.33-32 32v32c0 17.67 14.33 32 32 32h384c17.67 0 32-14.33 32-32v-32c0-17.67-14.33-32-32-32z\"><\/path><\/svg><\/span>\n\t\t\t\t\t\t\t\t\t\t\t\t\t\t<\/span>\n\t\t\t\t\t\t\t\t\t\t\t\t<span class=\"elementor-accordion-title\">Alcance<\/span>\n\t\t\t\t\t<\/div>\n\t\t\t\t\t<div id=\"elementor-tab-content-1362\" class=\"elementor-tab-content elementor-clearfix\" data-tab=\"2\" role=\"region\" aria-labelledby=\"elementor-tab-title-1362\"><p>Esta Pol\u00edtica de privacidad cubre el tratamiento que hace Assist, Inc. de la informaci\u00f3n de identificaci\u00f3n personal que recopilamos cuando usted est\u00e1 en el sitio web de Assist, Inc. y cuando utiliza nuestros servicios. Esta pol\u00edtica tambi\u00e9n cubre nuestro tratamiento de cualquier informaci\u00f3n de identificaci\u00f3n personal que nuestros socios comerciales o clientes compartan con nosotros. Esta pol\u00edtica no se aplica a las pr\u00e1cticas de empresas que Assist, Inc. no posee ni controla, ni a personas que Assist, Inc. no emplea ni administra, incluidos los operadores de sitios a los que se puede acceder mediante enlaces desde el sitio web de Assist, Inc. Esta pol\u00edtica tampoco se aplica a ninguna recopilaci\u00f3n fuera de l\u00ednea de informaci\u00f3n de identificaci\u00f3n personal ni al tratamiento de la misma cuando dicha informaci\u00f3n se recopila fuera del sitio de Assist, Inc.<\/p><\/div>\n\t\t\t\t<\/div>\n\t\t\t\t\t\t\t<div class=\"elementor-accordion-item\">\n\t\t\t\t\t<div id=\"elementor-tab-title-1363\" class=\"elementor-tab-title\" data-tab=\"3\" role=\"button\" aria-controls=\"elementor-tab-content-1363\" aria-expanded=\"false\">\n\t\t\t\t\t\t\t\t\t\t\t\t\t<span class=\"elementor-accordion-icon elementor-accordion-icon-left\" aria-hidden=\"true\">\n\t\t\t\t\t\t\t\t\t\t\t\t\t\t\t<span class=\"elementor-accordion-icon-closed\"><svg class=\"e-font-icon-svg e-fas-plus\" viewbox=\"0 0 448 512\" xmlns=\"http:\/\/www.w3.org\/2000\/svg\"><path d=\"M416 208H272V64c0-17.67-14.33-32-32-32h-32c-17.67 0-32 14.33-32 32v144H32c-17.67 0-32 14.33-32 32v32c0 17.67 14.33 32 32 32h144v144c0 17.67 14.33 32 32 32h32c17.67 0 32-14.33 32-32V304h144c17.67 0 32-14.33 32-32v-32c0-17.67-14.33-32-32-32z\"><\/path><\/svg><\/span>\n\t\t\t\t\t\t\t\t<span class=\"elementor-accordion-icon-opened\"><svg class=\"e-font-icon-svg e-fas-minus\" viewbox=\"0 0 448 512\" xmlns=\"http:\/\/www.w3.org\/2000\/svg\"><path d=\"M416 208H32c-17.67 0-32 14.33-32 32v32c0 17.67 14.33 32 32 32h384c17.67 0 32-14.33 32-32v-32c0-17.67-14.33-32-32-32z\"><\/path><\/svg><\/span>\n\t\t\t\t\t\t\t\t\t\t\t\t\t\t<\/span>\n\t\t\t\t\t\t\t\t\t\t\t\t<span class=\"elementor-accordion-title\">\u00bfQu\u00e9 informaci\u00f3n recopilamos?<\/span>\n\t\t\t\t\t<\/div>\n\t\t\t\t\t<div id=\"elementor-tab-content-1363\" class=\"elementor-tab-content elementor-clearfix\" data-tab=\"3\" role=\"region\" aria-labelledby=\"elementor-tab-title-1363\"><p>La \u00fanica informaci\u00f3n de identificaci\u00f3n personal que recopilamos sobre usted es la que usted elige compartir con nosotros al registrarse cuando utiliza nuestros servicios o cuando responde a ofertas de Assist, Inc. o de nuestros socios comerciales. Tambi\u00e9n recopilamos informaci\u00f3n sobre el uso agregado del sitio. Las estad\u00edsticas que recopilamos sobre visitas \u00fanicas, URL de referencia, visitas repetidas y vistas de p\u00e1ginas se basan en la direcci\u00f3n IP y no est\u00e1n asociadas con su informaci\u00f3n personal. En el momento del registro, solo le solicitamos su direcci\u00f3n de correo electr\u00f3nico y un nombre de usuario que seleccione. De vez en cuando, Assist, Inc. puede encuestar a sus miembros para obtener informaci\u00f3n personal adicional. La informaci\u00f3n agregada sobre nuestros usuarios es valiosa para nuestros anunciantes, ya que les proporciona canales m\u00e1s efectivos para llegar a clientes potenciales. Sin el apoyo publicitario, no podr\u00edamos mantener el sitio web gratuito para su uso. Compartimos informaci\u00f3n agregada con nuestros socios y anunciantes. No compartiremos su informaci\u00f3n personal identificable con ning\u00fan tercero, a menos que le indiquemos lo contrario cuando recopilemos la informaci\u00f3n, usted haya dado su consentimiento \u201coptando por aceptar\u201d para que Assist, Inc., sus socios externos o anunciantes se comuniquen con usted, o le hayamos informado sobre un cambio en nuestra pol\u00edtica de privacidad para que luego pueda optar por no participar. Le brindaremos una forma de \u201coptar por no participar\u201d para que Assist, Inc. se comunique con usted. En resumen, la informaci\u00f3n que nos proporcione puede ayudarnos a comprender c\u00f3mo hacer que nuestro sitio web sea m\u00e1s \u00fatil para nuestros usuarios.<\/p><\/div>\n\t\t\t\t<\/div>\n\t\t\t\t\t\t\t<div class=\"elementor-accordion-item\">\n\t\t\t\t\t<div id=\"elementor-tab-title-1364\" class=\"elementor-tab-title\" data-tab=\"4\" role=\"button\" aria-controls=\"elementor-tab-content-1364\" aria-expanded=\"false\">\n\t\t\t\t\t\t\t\t\t\t\t\t\t<span class=\"elementor-accordion-icon elementor-accordion-icon-left\" aria-hidden=\"true\">\n\t\t\t\t\t\t\t\t\t\t\t\t\t\t\t<span class=\"elementor-accordion-icon-closed\"><svg class=\"e-font-icon-svg e-fas-plus\" viewbox=\"0 0 448 512\" xmlns=\"http:\/\/www.w3.org\/2000\/svg\"><path d=\"M416 208H272V64c0-17.67-14.33-32-32-32h-32c-17.67 0-32 14.33-32 32v144H32c-17.67 0-32 14.33-32 32v32c0 17.67 14.33 32 32 32h144v144c0 17.67 14.33 32 32 32h32c17.67 0 32-14.33 32-32V304h144c17.67 0 32-14.33 32-32v-32c0-17.67-14.33-32-32-32z\"><\/path><\/svg><\/span>\n\t\t\t\t\t\t\t\t<span class=\"elementor-accordion-icon-opened\"><svg class=\"e-font-icon-svg e-fas-minus\" viewbox=\"0 0 448 512\" xmlns=\"http:\/\/www.w3.org\/2000\/svg\"><path d=\"M416 208H32c-17.67 0-32 14.33-32 32v32c0 17.67 14.33 32 32 32h384c17.67 0 32-14.33 32-32v-32c0-17.67-14.33-32-32-32z\"><\/path><\/svg><\/span>\n\t\t\t\t\t\t\t\t\t\t\t\t\t\t<\/span>\n\t\t\t\t\t\t\t\t\t\t\t\t<span class=\"elementor-accordion-title\">Exclusi\u00f3n voluntaria<\/span>\n\t\t\t\t\t<\/div>\n\t\t\t\t\t<div id=\"elementor-tab-content-1364\" class=\"elementor-tab-content elementor-clearfix\" data-tab=\"4\" role=\"region\" aria-labelledby=\"elementor-tab-title-1364\"><p>No compartimos su informaci\u00f3n personal identificable con nadie a menos que le indiquemos lo contrario cuando recopilamos la informaci\u00f3n, usted \u201copte por\u201d que su informaci\u00f3n sea compartida con terceros, o le hayamos informado de un cambio en nuestra pol\u00edtica de privacidad para que pueda optar por no hacerlo. Cuando le solicitamos informaci\u00f3n personal, como el tipo de informaci\u00f3n que podemos solicitarle a trav\u00e9s de una encuesta, le informaremos si tenemos la intenci\u00f3n de compartirla con otros. Una vez que haya \u201coptado por\u201d y aceptado que su informaci\u00f3n pueda ser compartida con terceros o haya respondido a una oferta de un tercero en los sitios web de Assist, Inc., Assist, Inc. ya no puede actualizar ninguna de sus informaciones personales identificables que se hayan transferido a dichos terceros ni excluirlo de dichos terceros para que ya no reciba su informaci\u00f3n promocional y\/o de marketing. En su lugar, debe comunicarse con ese tercero o consultar su pol\u00edtica de privacidad para actualizar su informaci\u00f3n personal identificable o para informarle que ya no desea recibir informaci\u00f3n promocional y\/o de marketing sobre sus productos, servicios u ofertas.<\/p><\/div>\n\t\t\t\t<\/div>\n\t\t\t\t\t\t\t<div class=\"elementor-accordion-item\">\n\t\t\t\t\t<div id=\"elementor-tab-title-1365\" class=\"elementor-tab-title\" data-tab=\"5\" role=\"button\" aria-controls=\"elementor-tab-content-1365\" aria-expanded=\"false\">\n\t\t\t\t\t\t\t\t\t\t\t\t\t<span class=\"elementor-accordion-icon elementor-accordion-icon-left\" aria-hidden=\"true\">\n\t\t\t\t\t\t\t\t\t\t\t\t\t\t\t<span class=\"elementor-accordion-icon-closed\"><svg class=\"e-font-icon-svg e-fas-plus\" viewbox=\"0 0 448 512\" xmlns=\"http:\/\/www.w3.org\/2000\/svg\"><path d=\"M416 208H272V64c0-17.67-14.33-32-32-32h-32c-17.67 0-32 14.33-32 32v144H32c-17.67 0-32 14.33-32 32v32c0 17.67 14.33 32 32 32h144v144c0 17.67 14.33 32 32 32h32c17.67 0 32-14.33 32-32V304h144c17.67 0 32-14.33 32-32v-32c0-17.67-14.33-32-32-32z\"><\/path><\/svg><\/span>\n\t\t\t\t\t\t\t\t<span class=\"elementor-accordion-icon-opened\"><svg class=\"e-font-icon-svg e-fas-minus\" viewbox=\"0 0 448 512\" xmlns=\"http:\/\/www.w3.org\/2000\/svg\"><path d=\"M416 208H32c-17.67 0-32 14.33-32 32v32c0 17.67 14.33 32 32 32h384c17.67 0 32-14.33 32-32v-32c0-17.67-14.33-32-32-32z\"><\/path><\/svg><\/span>\n\t\t\t\t\t\t\t\t\t\t\t\t\t\t<\/span>\n\t\t\t\t\t\t\t\t\t\t\t\t<span class=\"elementor-accordion-title\">\u00bfQu\u00e9 informaci\u00f3n recopilamos?<\/span>\n\t\t\t\t\t<\/div>\n\t\t\t\t\t<div id=\"elementor-tab-content-1365\" class=\"elementor-tab-content elementor-clearfix\" data-tab=\"5\" role=\"region\" aria-labelledby=\"elementor-tab-title-1365\"><p>La \u00fanica informaci\u00f3n personal identificable que recopilamos sobre usted es la que usted elige compartir con nosotros al registrarse, cuando utiliza nuestros productos o servicios que requieren que proporcione informaci\u00f3n personal sobre usted, cuando responde a ofertas de Assist, Inc. o de nuestros socios comerciales o anunciantes externos, o cuando responde a encuestas nuestras o de nuestros socios comerciales externos (incluidas, entre otras, encuestas sobre la efectividad de la marca de publicidad en l\u00ednea). Como se indic\u00f3 anteriormente, esta informaci\u00f3n se proteger\u00e1 de cerca y se utilizar\u00e1 solo para fines internos, a menos que le indiquemos lo contrario cuando recopilemos la informaci\u00f3n, usted haya dado su consentimiento al &quot;optar por&quot; ser contactado por Assist, Inc., sus socios y anunciantes y otros terceros o le hayamos informado de un cambio en nuestra pol\u00edtica de privacidad para que luego pueda optar por no hacerlo. Nunca divulgaremos deliberadamente su informaci\u00f3n personal a ning\u00fan tercero sin notific\u00e1rselo a menos que nos lo indique o &quot;opte por&quot; de otra manera que su informaci\u00f3n se comparta con terceros; respondemos a citaciones, \u00f3rdenes judiciales o procesos legales; Si descubrimos que sus acciones en nuestro sitio web violan nuestros T\u00e9rminos de uso o cualquiera de nuestras pautas de uso para productos o servicios espec\u00edficos (y luego solo tomaremos la acci\u00f3n apropiada); o transferimos su informaci\u00f3n en relaci\u00f3n con una venta, fusi\u00f3n, transferencia, intercambio u otra disposici\u00f3n (ya sea de activos, acciones o de otro tipo), de la totalidad o una parte de un negocio de Assist, Inc. Sin embargo, si debido a la transferencia comercial su informaci\u00f3n personal se utilizar\u00e1 de una manera nueva y diferente, entonces tendr\u00e1 la opci\u00f3n de permitir este nuevo uso. Tambi\u00e9n recopilaremos informaci\u00f3n sobre el uso agregado del sitio web. Las estad\u00edsticas que recopilamos sobre visitas \u00fanicas, visitas repetidas y vistas de p\u00e1gina se basan en la direcci\u00f3n IP, no en sus actividades individuales. La informaci\u00f3n que recopilamos se complementa con informaci\u00f3n proporcionada por fuentes de terceros y puede usarse para derivar datos adicionales para mejorar nuestras bases de datos. Por ejemplo, la informaci\u00f3n del c\u00f3digo postal que proporcione puede usarse para derivar informaci\u00f3n de la ciudad y el estado o puede usarse para agregar datos demogr\u00e1ficos.<\/p><\/div>\n\t\t\t\t<\/div>\n\t\t\t\t\t\t\t<div class=\"elementor-accordion-item\">\n\t\t\t\t\t<div id=\"elementor-tab-title-1366\" class=\"elementor-tab-title\" data-tab=\"6\" role=\"button\" aria-controls=\"elementor-tab-content-1366\" aria-expanded=\"false\">\n\t\t\t\t\t\t\t\t\t\t\t\t\t<span class=\"elementor-accordion-icon elementor-accordion-icon-left\" aria-hidden=\"true\">\n\t\t\t\t\t\t\t\t\t\t\t\t\t\t\t<span class=\"elementor-accordion-icon-closed\"><svg class=\"e-font-icon-svg e-fas-plus\" viewbox=\"0 0 448 512\" xmlns=\"http:\/\/www.w3.org\/2000\/svg\"><path d=\"M416 208H272V64c0-17.67-14.33-32-32-32h-32c-17.67 0-32 14.33-32 32v144H32c-17.67 0-32 14.33-32 32v32c0 17.67 14.33 32 32 32h144v144c0 17.67 14.33 32 32 32h32c17.67 0 32-14.33 32-32V304h144c17.67 0 32-14.33 32-32v-32c0-17.67-14.33-32-32-32z\"><\/path><\/svg><\/span>\n\t\t\t\t\t\t\t\t<span class=\"elementor-accordion-icon-opened\"><svg class=\"e-font-icon-svg e-fas-minus\" viewbox=\"0 0 448 512\" xmlns=\"http:\/\/www.w3.org\/2000\/svg\"><path d=\"M416 208H32c-17.67 0-32 14.33-32 32v32c0 17.67 14.33 32 32 32h384c17.67 0 32-14.33 32-32v-32c0-17.67-14.33-32-32-32z\"><\/path><\/svg><\/span>\n\t\t\t\t\t\t\t\t\t\t\t\t\t\t<\/span>\n\t\t\t\t\t\t\t\t\t\t\t\t<span class=\"elementor-accordion-title\">Cambios en la Pol\u00edtica de privacidad de Assist, Inc.<\/span>\n\t\t\t\t\t<\/div>\n\t\t\t\t\t<div id=\"elementor-tab-content-1366\" class=\"elementor-tab-content elementor-clearfix\" data-tab=\"6\" role=\"region\" aria-labelledby=\"elementor-tab-title-1366\"><p>Assist, Inc. puede modificar esta pol\u00edtica de vez en cuando. Si realizamos alg\u00fan cambio sustancial en la forma en que utilizamos su informaci\u00f3n personal, se lo notificaremos mediante la publicaci\u00f3n de un aviso destacado en nuestra pol\u00edtica de privacidad o en otras ubicaciones de nuestro sitio web o envi\u00e1ndole un correo electr\u00f3nico para informarle sobre nuestra pol\u00edtica de privacidad actualizada. Los usuarios tendr\u00e1n la opci\u00f3n de que utilicemos su informaci\u00f3n de esta manera diferente. Sin embargo, si los usuarios han optado por no recibir ninguna comunicaci\u00f3n con el sitio web o han eliminado o desactivado su cuenta, no se los contactar\u00e1 ni se utilizar\u00e1 su informaci\u00f3n personal de esta nueva manera.<\/p><\/div>\n\t\t\t\t<\/div>\n\t\t\t\t\t\t\t\t<\/div>\n\t\t\t\t\t\t<\/div>\n\t\t\t\t<\/div>\n\t\t\t\t\t<\/div>\n\t\t\t\t<\/div>\n\t\t\t\t<\/div>","protected":false},"excerpt":{"rendered":"<p>\u00c1mbito de aplicaci\u00f3n de la pol\u00edtica de privacidad Esta pol\u00edtica de privacidad cubre el tratamiento que Assist, Inc da a la informaci\u00f3n de identificaci\u00f3n personal que recopilamos cuando usted est\u00e1 en el sitio web de Assist, Inc y cuando utiliza nuestros servicios. Esta pol\u00edtica tambi\u00e9n cubre nuestro tratamiento de cualquier informaci\u00f3n de identificaci\u00f3n personal que nuestros socios comerciales o clientes compartan con nosotros. Esta pol\u00edtica no se aplica [...]<\/p>","protected":false},"author":1,"featured_media":0,"parent":0,"menu_order":0,"comment_status":"closed","ping_status":"closed","template":"elementor_header_footer","meta":{"_acf_changed":false,"footnotes":""},"class_list":["post-1657","page","type-page","status-publish","hentry"],"acf":[],"yoast_head":"<!-- This site is optimized with the Yoast SEO plugin v26.4 - https:\/\/yoast.com\/wordpress\/plugins\/seo\/ -->\n<title>Privacy Policy | Assist Staffing<\/title>\n<meta name=\"robots\" content=\"index, follow, max-snippet:-1, max-image-preview:large, max-video-preview:-1\" \/>\n<link rel=\"canonical\" href=\"https:\/\/assist-staffing.com\/es\/politica-de-privacidad\/\" \/>\n<meta property=\"og:locale\" content=\"es_MX\" \/>\n<meta property=\"og:type\" content=\"article\" \/>\n<meta property=\"og:title\" content=\"Privacy Policy | Assist Staffing\" \/>\n<meta property=\"og:description\" content=\"Privacy Policy Scope This Privacy Policy covers Assist, Inc\u2019s treatment of personally identifiable information that we collect when you are on Assist, Inc\u2019s website and when you use our services. This policy also covers our treatment of any personally identifiable information that our business partners or customers share with us. This policy does not apply [&hellip;]\" \/>\n<meta property=\"og:url\" content=\"https:\/\/assist-staffing.com\/es\/politica-de-privacidad\/\" \/>\n<meta property=\"og:site_name\" content=\"Assist Staffing\" \/>\n<meta property=\"article:publisher\" content=\"https:\/\/www.facebook.com\/AssistStaffChicago\/\" \/>\n<meta property=\"article:modified_time\" content=\"2024-09-05T20:19:39+00:00\" \/>\n<meta property=\"og:image\" content=\"https:\/\/assist-staffing.com\/wp-content\/uploads\/2024\/09\/assist-open-graph.jpg\" \/>\n\t<meta property=\"og:image:width\" content=\"1200\" \/>\n\t<meta property=\"og:image:height\" content=\"630\" \/>\n\t<meta property=\"og:image:type\" content=\"image\/jpeg\" \/>\n<meta name=\"twitter:card\" content=\"summary_large_image\" \/>\n<meta name=\"twitter:label1\" content=\"Tiempo de lectura\" \/>\n\t<meta name=\"twitter:data1\" content=\"5 minutos\" \/>\n<script type=\"application\/ld+json\" class=\"yoast-schema-graph\">{\"@context\":\"https:\/\/schema.org\",\"@graph\":[{\"@type\":\"WebPage\",\"@id\":\"https:\/\/assist-staffing.com\/privacy-policy\/\",\"url\":\"https:\/\/assist-staffing.com\/privacy-policy\/\",\"name\":\"Privacy Policy | Assist Staffing\",\"isPartOf\":{\"@id\":\"https:\/\/assist-staffing.com\/#website\"},\"datePublished\":\"2024-09-05T19:21:19+00:00\",\"dateModified\":\"2024-09-05T20:19:39+00:00\",\"breadcrumb\":{\"@id\":\"https:\/\/assist-staffing.com\/privacy-policy\/#breadcrumb\"},\"inLanguage\":\"es\",\"potentialAction\":[{\"@type\":\"ReadAction\",\"target\":[\"https:\/\/assist-staffing.com\/privacy-policy\/\"]}]},{\"@type\":\"BreadcrumbList\",\"@id\":\"https:\/\/assist-staffing.com\/privacy-policy\/#breadcrumb\",\"itemListElement\":[{\"@type\":\"ListItem\",\"position\":1,\"name\":\"Home\",\"item\":\"https:\/\/assist-staffing.com\/\"},{\"@type\":\"ListItem\",\"position\":2,\"name\":\"Privacy Policy\"}]},{\"@type\":\"WebSite\",\"@id\":\"https:\/\/assist-staffing.com\/#website\",\"url\":\"https:\/\/assist-staffing.com\/\",\"name\":\"Assist Staffing\",\"description\":\"The clear choice for light industrial staffing.\",\"publisher\":{\"@id\":\"https:\/\/assist-staffing.com\/#organization\"},\"potentialAction\":[{\"@type\":\"SearchAction\",\"target\":{\"@type\":\"EntryPoint\",\"urlTemplate\":\"https:\/\/assist-staffing.com\/?s={search_term_string}\"},\"query-input\":{\"@type\":\"PropertyValueSpecification\",\"valueRequired\":true,\"valueName\":\"search_term_string\"}}],\"inLanguage\":\"es\"},{\"@type\":\"Organization\",\"@id\":\"https:\/\/assist-staffing.com\/#organization\",\"name\":\"Assist Staffing\",\"url\":\"https:\/\/assist-staffing.com\/\",\"logo\":{\"@type\":\"ImageObject\",\"inLanguage\":\"es\",\"@id\":\"https:\/\/assist-staffing.com\/#\/schema\/logo\/image\/\",\"url\":\"https:\/\/assist-staffing.com\/wp-content\/uploads\/2024\/09\/assist-open-graph.jpg\",\"contentUrl\":\"https:\/\/assist-staffing.com\/wp-content\/uploads\/2024\/09\/assist-open-graph.jpg\",\"width\":1200,\"height\":630,\"caption\":\"Assist Staffing\"},\"image\":{\"@id\":\"https:\/\/assist-staffing.com\/#\/schema\/logo\/image\/\"},\"sameAs\":[\"https:\/\/www.facebook.com\/AssistStaffChicago\/\",\"https:\/\/www.linkedin.com\/company\/assist-staffing-light-industrial-staffing\/\"]}]}<\/script>\n<!-- \/ Yoast SEO plugin. -->","yoast_head_json":{"title":"Pol\u00edtica de privacidad | Assist Staffing","robots":{"index":"index","follow":"follow","max-snippet":"max-snippet:-1","max-image-preview":"max-image-preview:large","max-video-preview":"max-video-preview:-1"},"canonical":"https:\/\/assist-staffing.com\/es\/politica-de-privacidad\/","og_locale":"es_MX","og_type":"article","og_title":"Privacy Policy | Assist Staffing","og_description":"Privacy Policy Scope This Privacy Policy covers Assist, Inc\u2019s treatment of personally identifiable information that we collect when you are on Assist, Inc\u2019s website and when you use our services. This policy also covers our treatment of any personally identifiable information that our business partners or customers share with us. This policy does not apply [&hellip;]","og_url":"https:\/\/assist-staffing.com\/es\/politica-de-privacidad\/","og_site_name":"Assist Staffing","article_publisher":"https:\/\/www.facebook.com\/AssistStaffChicago\/","article_modified_time":"2024-09-05T20:19:39+00:00","og_image":[{"width":1200,"height":630,"url":"https:\/\/assist-staffing.com\/wp-content\/uploads\/2024\/09\/assist-open-graph.jpg","type":"image\/jpeg"}],"twitter_card":"summary_large_image","twitter_misc":{"Tiempo de lectura":"5 minutos"},"schema":{"@context":"https:\/\/schema.org","@graph":[{"@type":"WebPage","@id":"https:\/\/assist-staffing.com\/privacy-policy\/","url":"https:\/\/assist-staffing.com\/privacy-policy\/","name":"Pol\u00edtica de privacidad | Assist Staffing","isPartOf":{"@id":"https:\/\/assist-staffing.com\/#website"},"datePublished":"2024-09-05T19:21:19+00:00","dateModified":"2024-09-05T20:19:39+00:00","breadcrumb":{"@id":"https:\/\/assist-staffing.com\/privacy-policy\/#breadcrumb"},"inLanguage":"es","potentialAction":[{"@type":"ReadAction","target":["https:\/\/assist-staffing.com\/privacy-policy\/"]}]},{"@type":"BreadcrumbList","@id":"https:\/\/assist-staffing.com\/privacy-policy\/#breadcrumb","itemListElement":[{"@type":"ListItem","position":1,"name":"Home","item":"https:\/\/assist-staffing.com\/"},{"@type":"ListItem","position":2,"name":"Privacy Policy"}]},{"@type":"WebSite","@id":"https:\/\/assist-staffing.com\/#website","url":"https:\/\/assist-staffing.com\/","name":"Personal de asistencia","description":"La elecci\u00f3n clara para el personal de la industria ligera.","publisher":{"@id":"https:\/\/assist-staffing.com\/#organization"},"potentialAction":[{"@type":"SearchAction","target":{"@type":"EntryPoint","urlTemplate":"https:\/\/assist-staffing.com\/?s={search_term_string}"},"query-input":{"@type":"PropertyValueSpecification","valueRequired":true,"valueName":"search_term_string"}}],"inLanguage":"es"},{"@type":"Organization","@id":"https:\/\/assist-staffing.com\/#organization","name":"Personal de asistencia","url":"https:\/\/assist-staffing.com\/","logo":{"@type":"ImageObject","inLanguage":"es","@id":"https:\/\/assist-staffing.com\/#\/schema\/logo\/image\/","url":"https:\/\/assist-staffing.com\/wp-content\/uploads\/2024\/09\/assist-open-graph.jpg","contentUrl":"https:\/\/assist-staffing.com\/wp-content\/uploads\/2024\/09\/assist-open-graph.jpg","width":1200,"height":630,"caption":"Assist Staffing"},"image":{"@id":"https:\/\/assist-staffing.com\/#\/schema\/logo\/image\/"},"sameAs":["https:\/\/www.facebook.com\/AssistStaffChicago\/","https:\/\/www.linkedin.com\/company\/assist-staffing-light-industrial-staffing\/"]}]}},"_links":{"self":[{"href":"https:\/\/assist-staffing.com\/es\/wp-json\/wp\/v2\/pages\/1657","targetHints":{"allow":["GET"]}}],"collection":[{"href":"https:\/\/assist-staffing.com\/es\/wp-json\/wp\/v2\/pages"}],"about":[{"href":"https:\/\/assist-staffing.com\/es\/wp-json\/wp\/v2\/types\/page"}],"author":[{"embeddable":true,"href":"https:\/\/assist-staffing.com\/es\/wp-json\/wp\/v2\/users\/1"}],"replies":[{"embeddable":true,"href":"https:\/\/assist-staffing.com\/es\/wp-json\/wp\/v2\/comments?post=1657"}],"version-history":[{"count":4,"href":"https:\/\/assist-staffing.com\/es\/wp-json\/wp\/v2\/pages\/1657\/revisions"}],"predecessor-version":[{"id":1661,"href":"https:\/\/assist-staffing.com\/es\/wp-json\/wp\/v2\/pages\/1657\/revisions\/1661"}],"wp:attachment":[{"href":"https:\/\/assist-staffing.com\/es\/wp-json\/wp\/v2\/media?parent=1657"}],"curies":[{"name":"wp","href":"https:\/\/api.w.org\/{rel}","templated":true}]}}